{"id":79,"date":"2026-03-08T18:14:07","date_gmt":"2026-03-08T18:14:07","guid":{"rendered":"https:\/\/bergstrasse-steht-auf.de\/?page_id=79"},"modified":"2026-03-18T20:50:02","modified_gmt":"2026-03-18T20:50:02","slug":"unsere-vision","status":"publish","type":"page","link":"https:\/\/bergstrasse-steht-auf.de\/unsere-vision\/","title":{"rendered":"Unsere Vision"},"content":{"rendered":"\t\t<div data-elementor-type=\"wp-page\" data-elementor-id=\"79\" class=\"elementor elementor-79\">\n\t\t\t\t<div class=\"elementor-element elementor-element-7434325 e-con-full e-flex e-con e-parent\" data-id=\"7434325\" data-element_type=\"container\" data-e-type=\"container\">\n\t\t\t\t<div class=\"elementor-element elementor-element-babe857 elementor-widget elementor-widget-heading\" data-id=\"babe857\" data-element_type=\"widget\" data-e-type=\"widget\" data-widget_type=\"heading.default\">\n\t\t\t\t\t<h2 class=\"elementor-heading-title elementor-size-default\">Unsere Vision<\/h2>\t\t\t\t<\/div>\n\t\t<div class=\"elementor-element elementor-element-fb7b401 e-flex e-con-boxed e-con e-child\" data-id=\"fb7b401\" data-element_type=\"container\" data-e-type=\"container\">\n\t\t\t\t\t<div class=\"e-con-inner\">\n\t\t\t\t<div class=\"elementor-element elementor-element-934228c elementor-widget elementor-widget-heading\" data-id=\"934228c\" data-element_type=\"widget\" data-e-type=\"widget\" data-widget_type=\"heading.default\">\n\t\t\t\t\t<h2 class=\"elementor-heading-title elementor-size-default\">Wie wollen wir in Zukunft zusammen leben?<\/h2>\t\t\t\t<\/div>\n\t\t\t\t<div class=\"elementor-element elementor-element-8f40e53 elementor-widget elementor-widget-text-editor\" data-id=\"8f40e53\" data-element_type=\"widget\" data-e-type=\"widget\" data-widget_type=\"text-editor.default\">\n\t\t\t\t\t\t\t\t\t<p>In Eigenverantwortung f\u00fcr unser Leben, in Frieden, Liebe und einer demokratischen Gemeinschaft. Mit Respekt vor allen Kreaturen auf diesem Planeten, als Teil unserer wunderbaren Mutter Erde und der Natur.<\/p>\t\t\t\t\t\t\t\t<\/div>\n\t\t\t\t\t<\/div>\n\t\t\t\t<\/div>\n\t\t<div class=\"elementor-element elementor-element-f1012d7 e-flex e-con-boxed e-con e-child\" data-id=\"f1012d7\" data-element_type=\"container\" data-e-type=\"container\">\n\t\t\t\t\t<div class=\"e-con-inner\">\n\t\t\t\t<div class=\"elementor-element elementor-element-880b334 elementor-widget elementor-widget-heading\" data-id=\"880b334\" data-element_type=\"widget\" data-e-type=\"widget\" data-widget_type=\"heading.default\">\n\t\t\t\t\t<h2 class=\"elementor-heading-title elementor-size-default\">Wie kommen wir dahin?<\/h2>\t\t\t\t<\/div>\n\t\t\t\t<div class=\"elementor-element elementor-element-f88ff8b elementor-widget elementor-widget-text-editor\" data-id=\"f88ff8b\" data-element_type=\"widget\" data-e-type=\"widget\" data-widget_type=\"text-editor.default\">\n\t\t\t\t\t\t\t\t\t<p>Der Weg ist das Ziel, ein erster Schritt z\u00e4hlt viel.<br \/>Auf jeden Fall: Selbst friedlich bleiben \u2013 andere Meinungen respektieren \u2013 alles, was uns die Medien vorsetzten kritisch hinterfragen \u2013 Spaltung \u00fcberwinden \u2013 Menschlichkeit leben \u2013 Liebe verschenken!<br \/>Ob dieser Weg \u00fcber eine neue Parteienlandschaft, mehr Ehrlichkeit in der Politik, eine direkte Demokratie oder eine komplett neue Gesellschaftsordnung erreicht werden kann, wird die Zeit zeigen. Menschen unserer Bewegung engagieren sich in neuen, basisdemokratischen Parteien (z.B. dieBasis, die Unabh\u00e4ngige), bauen regionale, unabh\u00e4ngige Netzwerke auf, informieren sich umfassend in vielen diversen Medien, suchen das Gespr\u00e4ch auch mit Andersdenkenden, stecken Dinge und Menschen nicht in Schubladen und sind offen f\u00fcr eine neue Welt der gelebten Vielfalt und des gegenseitigen Respekts.<\/p>\t\t\t\t\t\t\t\t<\/div>\n\t\t\t\t\t<\/div>\n\t\t\t\t<\/div>\n\t\t<div class=\"elementor-element elementor-element-f17d03c e-flex e-con-boxed e-con e-child\" data-id=\"f17d03c\" data-element_type=\"container\" data-e-type=\"container\">\n\t\t\t\t\t<div class=\"e-con-inner\">\n\t\t\t\t<div class=\"elementor-element elementor-element-c01a393 elementor-widget elementor-widget-heading\" data-id=\"c01a393\" data-element_type=\"widget\" data-e-type=\"widget\" data-widget_type=\"heading.default\">\n\t\t\t\t\t<h2 class=\"elementor-heading-title elementor-size-default\">Was steht uns im Weg?<\/h2>\t\t\t\t<\/div>\n\t\t\t\t<div class=\"elementor-element elementor-element-c5feed1 elementor-widget elementor-widget-text-editor\" data-id=\"c5feed1\" data-element_type=\"widget\" data-e-type=\"widget\" data-widget_type=\"text-editor.default\">\n\t\t\t\t\t\t\t\t\t<p>Meist stehen wir uns selbst im Weg \u2013 unsere eigenen Selbstzweifel, \u00c4ngste oder Konditionierungen aus der Vergangenheit. Reflektion und Entwicklung unseres eigenen Selbst sind der Schl\u00fcssel f\u00fcr Ver\u00e4nderung in der Welt. Nur wer sich selbst lieben und respektieren kann, kann dies auch anderen Menschen gegen\u00fcber ausdr\u00fccken. Lasst uns unsere innere Kraft entdecken, unsere gelebte Wahrheit, unsere Liebe f\u00fcr das Leben. Dann steht die Menschlichkeit wieder im Vordergrund unseres Handelns und unsere inneren Werte leiten uns, besser als jede Verordung, Gesetz oder monet\u00e4rer Anreiz. Dann verstehen wir,\u00a0 dass wir alle eine gro\u00dfe Menschheitsfamilie sind mit dem Bed\u00fcrfnis nach Gl\u00fcck, Frieden und einem w\u00fcrdevollen Leben.<\/p><h3><b>\u201eHabe Mut, dich deines eigenen Verstandes zu bedienen!\u201c<\/b><\/h3><p>Immanuel Kant sagte 1784: \u201eAufkl\u00e4rung ist der Ausgang des Menschen aus seiner selbstverschuldeten Unm\u00fcndigkeit. Unm\u00fcndigkeit ist das Unverm\u00f6gen, sich seines Verstandes ohne Leitung eines anderen zu bedienen. Selbstverschuldet ist diese Unm\u00fcndigkeit, wenn die Ursache derselben nicht am Mangel des Verstandes, sondern der Entschlie\u00dfung und des Mutes liegt, sich seiner ohne Leitung eines anderen zu bedienen. Sapere aude! Habe Mut, dich deines eigenen Verstandes zu bedienen!<\/p><p><a href=\"https:\/\/bergstrasse-steht-auf.de\/wp-content\/uploads\/2026\/03\/Immanuel-Kant-Aufklaerung.pdf\"><span style=\"text-decoration: underline;\">Ganzen Text zur Aufkl\u00e4rung von I. Kant lesen<\/span><\/a><\/p><p><strong>Filmtipp zum Thema Unm\u00fcndigkeit und Manipulation der Massen<\/strong>: Die Welle (am besten die<span style=\"text-decoration: underline;\"> <a href=\"https:\/\/www.youtube.com\/watch?v=5CrQq4IAQN8\">Originalfassung von 1981<\/a>)<\/span><\/p><p><strong>Buchtipp zum Thema Gesundheitswahn und Staatsterror:<\/strong> <br \/><a href=\"https:\/\/de.wikipedia.org\/wiki\/Corpus_Delicti_(Roman)\"><span style=\"text-decoration: underline;\">Corpus Delicti &#8211; Juli Zeh<\/span><\/a><br \/>\u00c4hnlichkeiten mit der Situation in Deutschland 2020 sind zuf\u00e4llig, da schon 2009 geschrieben&#8230;):\u00a0<br \/>Wer\u00a0 keine Zeit zu lesen hat, hier die<span style=\"text-decoration: underline;\"> <a href=\"https:\/\/www.youtube.com\/watch?v=Yb_97Q9dMCk\">Kurz-Zusammenfassung auf YouTube<\/a><\/span><\/p>\t\t\t\t\t\t\t\t<\/div>\n\t\t\t\t\t<\/div>\n\t\t\t\t<\/div>\n\t\t\t\t<\/div>\n\t\t\t\t<\/div>\n\t\t","protected":false},"excerpt":{"rendered":"<p>Unsere Vision Wie wollen wir in Zukunft zusammen leben? In Eigenverantwortung f\u00fcr unser Leben, in Frieden, Liebe und einer demokratischen Gemeinschaft. Mit Respekt vor allen Kreaturen auf diesem Planeten, als Teil unserer wunderbaren Mutter Erde und der Natur. Wie kommen wir dahin? Der Weg ist das Ziel, ein erster Schritt z\u00e4hlt viel.Auf jeden Fall: Selbst [&hellip;]<\/p>\n","protected":false},"author":3,"featured_media":0,"parent":0,"menu_order":0,"comment_status":"closed","ping_status":"closed","template":"","meta":{"footnotes":""},"class_list":["post-79","page","type-page","status-publish","hentry","entry"],"_links":{"self":[{"href":"https:\/\/bergstrasse-steht-auf.de\/wp-json\/wp\/v2\/pages\/79","targetHints":{"allow":["GET"]}}],"collection":[{"href":"https:\/\/bergstrasse-steht-auf.de\/wp-json\/wp\/v2\/pages"}],"about":[{"href":"https:\/\/bergstrasse-steht-auf.de\/wp-json\/wp\/v2\/types\/page"}],"author":[{"embeddable":true,"href":"https:\/\/bergstrasse-steht-auf.de\/wp-json\/wp\/v2\/users\/3"}],"replies":[{"embeddable":true,"href":"https:\/\/bergstrasse-steht-auf.de\/wp-json\/wp\/v2\/comments?post=79"}],"version-history":[{"count":40,"href":"https:\/\/bergstrasse-steht-auf.de\/wp-json\/wp\/v2\/pages\/79\/revisions"}],"predecessor-version":[{"id":290,"href":"https:\/\/bergstrasse-steht-auf.de\/wp-json\/wp\/v2\/pages\/79\/revisions\/290"}],"wp:attachment":[{"href":"https:\/\/bergstrasse-steht-auf.de\/wp-json\/wp\/v2\/media?parent=79"}],"curies":[{"name":"wp","href":"https:\/\/api.w.org\/{rel}","templated":true}]}}